{"id":1451,"date":"2021-09-23T09:33:21","date_gmt":"2021-09-23T09:33:21","guid":{"rendered":"https:\/\/bygrowers.dk\/gourmet-garden\/gourmet-garden-tomatoes\/"},"modified":"2023-10-02T05:08:08","modified_gmt":"2023-10-02T05:08:08","slug":"gourmet-garden-tomatoes","status":"publish","type":"page","link":"https:\/\/bygrowers.dk\/de\/gourmet-garden\/gourmet-garden-tomatoes\/","title":{"rendered":"Tomaten"},"content":{"rendered":"<p>[et_pb_section fb_built=&#8220;1&#8243; custom_padding_last_edited=&#8220;off|tablet&#8220; admin_label=&#8220;Header&#8220; _builder_version=&#8220;4.16&#8243; background_color=&#8220;#FFFFFF&#8220; background_image=&#8220;https:\/\/bygrowers.dk\/wp-content\/uploads\/2021\/09\/influencer-08.png&#8220; parallax=&#8220;on&#8220; min_height=&#8220;1399.3px&#8220; custom_margin=&#8220;||-37px||false|false&#8220; custom_padding_tablet=&#8220;120px||0px||false|false&#8220; box_shadow_style=&#8220;preset4&#8243; box_shadow_horizontal=&#8220;0px&#8220; box_shadow_vertical=&#8220;-300px&#8220; box_shadow_color=&#8220;#f4f1ec&#8220; box_shadow_vertical_tablet=&#8220;0px&#8220; box_shadow_vertical_phone=&#8220;&#8220; box_shadow_vertical_last_edited=&#8220;on|tablet&#8220; global_colors_info=&#8220;{}&#8220;][et_pb_row _builder_version=&#8220;4.16&#8243; _module_preset=&#8220;default&#8220; custom_padding=&#8220;||0px|||&#8220; global_colors_info=&#8220;{}&#8220;][et_pb_column type=&#8220;4_4&#8243; _builder_version=&#8220;4.16&#8243; _module_preset=&#8220;default&#8220; global_colors_info=&#8220;{}&#8220;][et_pb_text _builder_version=&#8220;4.22.2&#8243; _module_preset=&#8220;default&#8220; text_font=&#8220;Alata||||||||&#8220; text_font_size=&#8220;49px&#8220; header_text_color=&#8220;#0D5257&#8243; global_colors_info=&#8220;{}&#8220;]<\/p>\n<h1>Tomaten<\/h1>\n<p>[\/et_pb_text][et_pb_text _builder_version=&#8220;4.22.2&#8243; _module_preset=&#8220;default&#8220; text_font_size=&#8220;18px&#8220; custom_padding=&#8220;||15px||false|false&#8220; text_font_size_tablet=&#8220;18px&#8220; text_font_size_phone=&#8220;14px&#8220; text_font_size_last_edited=&#8220;on|phone&#8220; global_colors_info=&#8220;{}&#8220;]<\/p>\n<p>Nichts geht \u00fcber den Geschmack frisch von der Pflanze gepfl\u00fcckter Tomaten. Gourmet Garden produziert eine Auswahl an Tomatenpflanzen, die Sie in Ihrem Gew\u00e4chshaus anpflanzen k\u00f6nnen \u2013 unten finden Sie unser Sortiment, das von der klassischen roten Tomate und den bekannten s\u00fc\u00dfen Kirschtomaten bis hin zu den spezielleren und dekorativeren Sorten.<\/p>\n<p>[\/et_pb_text][\/et_pb_column][\/et_pb_row][et_pb_row _builder_version=&#8220;4.16&#8243; min_height=&#8220;613.3px&#8220; custom_margin=&#8220;1px|auto|27px|auto|false|false&#8220; global_colors_info=&#8220;{}&#8220;][et_pb_column type=&#8220;4_4&#8243; _builder_version=&#8220;4.16&#8243; global_colors_info=&#8220;{}&#8220;][et_pb_gallery gallery_ids=&#8220;3714,3711,3708,3705,3699,3696,3693,3690,3687,3678,3702,3684,3681&#8243; posts_number=&#8220;20&#8243; _builder_version=&#8220;4.16&#8243; _module_preset=&#8220;default&#8220; min_height=&#8220;191.9px&#8220; custom_margin=&#8220;||-52px|||&#8220; custom_padding=&#8220;||0px|||&#8220; global_colors_info=&#8220;{}&#8220;][\/et_pb_gallery][et_pb_text _builder_version=&#8220;4.16&#8243; text_font=&#8220;Bellefair|||on|||||&#8220; text_text_color=&#8220;#f4f1ec&#8220; text_font_size=&#8220;80px&#8220; text_line_height=&#8220;1em&#8220; positioning=&#8220;absolute&#8220; position_origin_a=&#8220;bottom_center&#8220; vertical_offset=&#8220;-10px&#8220; text_orientation=&#8220;center&#8220; background_layout=&#8220;dark&#8220; custom_margin=&#8220;||-10px||false|false&#8220; text_font_size_tablet=&#8220;&#8220; text_font_size_phone=&#8220;55px&#8220; text_font_size_last_edited=&#8220;on|phone&#8220; locked=&#8220;off&#8220; global_colors_info=&#8220;{}&#8220;][\/et_pb_text][\/et_pb_column][\/et_pb_row][\/et_pb_section]<\/p>\n","protected":false},"excerpt":{"rendered":"<p>TomatenNichts geht \u00fcber den Geschmack frisch von der Pflanze gepfl\u00fcckter Tomaten. Gourmet Garden produziert eine Auswahl an Tomatenpflanzen, die Sie in Ihrem Gew\u00e4chshaus anpflanzen k\u00f6nnen \u2013 unten finden Sie unser Sortiment, das von der klassischen roten Tomate und den bekannten s\u00fc\u00dfen Kirschtomaten bis hin zu den spezielleren und dekorativeren Sorten.<\/p>\n","protected":false},"author":2,"featured_media":0,"parent":1427,"menu_order":0,"comment_status":"closed","ping_status":"closed","template":"","meta":{"_acf_changed":false,"_et_pb_use_builder":"on","_et_pb_old_content":"","_et_gb_content_width":"","iawp_total_views":10,"footnotes":""},"class_list":["post-1451","page","type-page","status-publish","hentry"],"acf":[],"yoast_head":"<!-- This site is optimized with the Yoast SEO plugin v25.8 - https:\/\/yoast.com\/wordpress\/plugins\/seo\/ -->\n<title>Tomaten - Bygrowers\u00ae<\/title>\n<meta name=\"robots\" content=\"index, follow, max-snippet:-1, max-image-preview:large, max-video-preview:-1\" \/>\n<link rel=\"canonical\" href=\"https:\/\/bygrowers.dk\/de\/gourmet-garden\/gourmet-garden-tomatoes\/\" \/>\n<meta property=\"og:locale\" content=\"de_DE\" \/>\n<meta property=\"og:type\" content=\"article\" \/>\n<meta property=\"og:title\" content=\"Tomaten - Bygrowers\u00ae\" \/>\n<meta property=\"og:description\" content=\"TomatenNichts geht \u00fcber den Geschmack frisch von der Pflanze gepfl\u00fcckter Tomaten. Gourmet Garden produziert eine Auswahl an Tomatenpflanzen, die Sie in Ihrem Gew\u00e4chshaus anpflanzen k\u00f6nnen \u2013 unten finden Sie unser Sortiment, das von der klassischen roten Tomate und den bekannten s\u00fc\u00dfen Kirschtomaten bis hin zu den spezielleren und dekorativeren Sorten.\" \/>\n<meta property=\"og:url\" content=\"https:\/\/bygrowers.dk\/de\/gourmet-garden\/gourmet-garden-tomatoes\/\" \/>\n<meta property=\"og:site_name\" content=\"Bygrowers\u00ae\" \/>\n<meta property=\"article:modified_time\" content=\"2023-10-02T05:08:08+00:00\" \/>\n<meta name=\"twitter:card\" content=\"summary_large_image\" \/>\n<meta name=\"twitter:label1\" content=\"Gesch\u00e4tzte Lesezeit\" \/>\n\t<meta name=\"twitter:data1\" content=\"1\u00a0Minute\" \/>\n<script type=\"application\/ld+json\" class=\"yoast-schema-graph\">{\"@context\":\"https:\/\/schema.org\",\"@graph\":[{\"@type\":\"WebPage\",\"@id\":\"https:\/\/bygrowers.dk\/de\/gourmet-garden\/gourmet-garden-tomatoes\/\",\"url\":\"https:\/\/bygrowers.dk\/de\/gourmet-garden\/gourmet-garden-tomatoes\/\",\"name\":\"Tomaten - Bygrowers\u00ae\",\"isPartOf\":{\"@id\":\"https:\/\/bygrowers.dk\/#website\"},\"datePublished\":\"2021-09-23T09:33:21+00:00\",\"dateModified\":\"2023-10-02T05:08:08+00:00\",\"breadcrumb\":{\"@id\":\"https:\/\/bygrowers.dk\/de\/gourmet-garden\/gourmet-garden-tomatoes\/#breadcrumb\"},\"inLanguage\":\"de\",\"potentialAction\":[{\"@type\":\"ReadAction\",\"target\":[\"https:\/\/bygrowers.dk\/de\/gourmet-garden\/gourmet-garden-tomatoes\/\"]}]},{\"@type\":\"BreadcrumbList\",\"@id\":\"https:\/\/bygrowers.dk\/de\/gourmet-garden\/gourmet-garden-tomatoes\/#breadcrumb\",\"itemListElement\":[{\"@type\":\"ListItem\",\"position\":1,\"name\":\"Gourmet Garden\",\"item\":\"https:\/\/bygrowers.dk\/de\/gourmet-garden\/\"},{\"@type\":\"ListItem\",\"position\":2,\"name\":\"Tomaten\"}]},{\"@type\":\"WebSite\",\"@id\":\"https:\/\/bygrowers.dk\/#website\",\"url\":\"https:\/\/bygrowers.dk\/\",\"name\":\"Bygrowers\u00ae\",\"description\":\"Plants with passion\",\"potentialAction\":[{\"@type\":\"SearchAction\",\"target\":{\"@type\":\"EntryPoint\",\"urlTemplate\":\"https:\/\/bygrowers.dk\/?s={search_term_string}\"},\"query-input\":{\"@type\":\"PropertyValueSpecification\",\"valueRequired\":true,\"valueName\":\"search_term_string\"}}],\"inLanguage\":\"de\"}]}<\/script>\n<!-- \/ Yoast SEO plugin. -->","yoast_head_json":{"title":"Tomaten - Bygrowers\u00ae","robots":{"index":"index","follow":"follow","max-snippet":"max-snippet:-1","max-image-preview":"max-image-preview:large","max-video-preview":"max-video-preview:-1"},"canonical":"https:\/\/bygrowers.dk\/de\/gourmet-garden\/gourmet-garden-tomatoes\/","og_locale":"de_DE","og_type":"article","og_title":"Tomaten - Bygrowers\u00ae","og_description":"TomatenNichts geht \u00fcber den Geschmack frisch von der Pflanze gepfl\u00fcckter Tomaten. Gourmet Garden produziert eine Auswahl an Tomatenpflanzen, die Sie in Ihrem Gew\u00e4chshaus anpflanzen k\u00f6nnen \u2013 unten finden Sie unser Sortiment, das von der klassischen roten Tomate und den bekannten s\u00fc\u00dfen Kirschtomaten bis hin zu den spezielleren und dekorativeren Sorten.","og_url":"https:\/\/bygrowers.dk\/de\/gourmet-garden\/gourmet-garden-tomatoes\/","og_site_name":"Bygrowers\u00ae","article_modified_time":"2023-10-02T05:08:08+00:00","twitter_card":"summary_large_image","twitter_misc":{"Gesch\u00e4tzte Lesezeit":"1\u00a0Minute"},"schema":{"@context":"https:\/\/schema.org","@graph":[{"@type":"WebPage","@id":"https:\/\/bygrowers.dk\/de\/gourmet-garden\/gourmet-garden-tomatoes\/","url":"https:\/\/bygrowers.dk\/de\/gourmet-garden\/gourmet-garden-tomatoes\/","name":"Tomaten - Bygrowers\u00ae","isPartOf":{"@id":"https:\/\/bygrowers.dk\/#website"},"datePublished":"2021-09-23T09:33:21+00:00","dateModified":"2023-10-02T05:08:08+00:00","breadcrumb":{"@id":"https:\/\/bygrowers.dk\/de\/gourmet-garden\/gourmet-garden-tomatoes\/#breadcrumb"},"inLanguage":"de","potentialAction":[{"@type":"ReadAction","target":["https:\/\/bygrowers.dk\/de\/gourmet-garden\/gourmet-garden-tomatoes\/"]}]},{"@type":"BreadcrumbList","@id":"https:\/\/bygrowers.dk\/de\/gourmet-garden\/gourmet-garden-tomatoes\/#breadcrumb","itemListElement":[{"@type":"ListItem","position":1,"name":"Gourmet Garden","item":"https:\/\/bygrowers.dk\/de\/gourmet-garden\/"},{"@type":"ListItem","position":2,"name":"Tomaten"}]},{"@type":"WebSite","@id":"https:\/\/bygrowers.dk\/#website","url":"https:\/\/bygrowers.dk\/","name":"Bygrowers\u00ae","description":"Plants with passion","potentialAction":[{"@type":"SearchAction","target":{"@type":"EntryPoint","urlTemplate":"https:\/\/bygrowers.dk\/?s={search_term_string}"},"query-input":{"@type":"PropertyValueSpecification","valueRequired":true,"valueName":"search_term_string"}}],"inLanguage":"de"}]}},"_links":{"self":[{"href":"https:\/\/bygrowers.dk\/de\/wp-json\/wp\/v2\/pages\/1451","targetHints":{"allow":["GET"]}}],"collection":[{"href":"https:\/\/bygrowers.dk\/de\/wp-json\/wp\/v2\/pages"}],"about":[{"href":"https:\/\/bygrowers.dk\/de\/wp-json\/wp\/v2\/types\/page"}],"author":[{"embeddable":true,"href":"https:\/\/bygrowers.dk\/de\/wp-json\/wp\/v2\/users\/2"}],"replies":[{"embeddable":true,"href":"https:\/\/bygrowers.dk\/de\/wp-json\/wp\/v2\/comments?post=1451"}],"version-history":[{"count":14,"href":"https:\/\/bygrowers.dk\/de\/wp-json\/wp\/v2\/pages\/1451\/revisions"}],"predecessor-version":[{"id":8779,"href":"https:\/\/bygrowers.dk\/de\/wp-json\/wp\/v2\/pages\/1451\/revisions\/8779"}],"up":[{"embeddable":true,"href":"https:\/\/bygrowers.dk\/de\/wp-json\/wp\/v2\/pages\/1427"}],"wp:attachment":[{"href":"https:\/\/bygrowers.dk\/de\/wp-json\/wp\/v2\/media?parent=1451"}],"curies":[{"name":"wp","href":"https:\/\/api.w.org\/{rel}","templated":true}]}}