{"id":1427,"date":"2021-09-16T15:27:18","date_gmt":"2021-09-16T15:27:18","guid":{"rendered":"https:\/\/bygrowers.dk\/gourmet-garden\/"},"modified":"2023-10-02T05:56:41","modified_gmt":"2023-10-02T05:56:41","slug":"gourmet-garden","status":"publish","type":"page","link":"https:\/\/bygrowers.dk\/de\/gourmet-garden\/","title":{"rendered":"Gourmet Garden"},"content":{"rendered":"<p>[et_pb_section fb_built=&#8220;1&#8243; custom_padding_last_edited=&#8220;off|tablet&#8220; admin_label=&#8220;Header&#8220; _builder_version=&#8220;4.16&#8243; background_color=&#8220;#FFFFFF&#8220; background_image=&#8220;https:\/\/bygrowers.dk\/wp-content\/uploads\/2021\/11\/massage-17-1.jpg&#8220; parallax=&#8220;on&#8220; min_height=&#8220;1506.3px&#8220; custom_margin=&#8220;||87px||false|false&#8220; custom_padding_tablet=&#8220;120px||0px||false|false&#8220; box_shadow_style=&#8220;preset4&#8243; box_shadow_horizontal=&#8220;0px&#8220; box_shadow_vertical=&#8220;-300px&#8220; box_shadow_color=&#8220;#f4f1ec&#8220; box_shadow_vertical_tablet=&#8220;0px&#8220; box_shadow_vertical_phone=&#8220;&#8220; box_shadow_vertical_last_edited=&#8220;on|tablet&#8220; global_colors_info=&#8220;{}&#8220;][et_pb_row column_structure=&#8220;1_2,1_2&#8243; _builder_version=&#8220;4.22.2&#8243; _module_preset=&#8220;default&#8220; custom_padding=&#8220;||14px|||&#8220; hover_enabled=&#8220;0&#8243; global_colors_info=&#8220;{}&#8220; sticky_enabled=&#8220;0&#8243;][et_pb_column type=&#8220;1_2&#8243; _builder_version=&#8220;4.16&#8243; _module_preset=&#8220;default&#8220; background_color=&#8220;#0D5257&#8243; global_colors_info=&#8220;{}&#8220;][et_pb_text _builder_version=&#8220;4.22.2&#8243; _module_preset=&#8220;default&#8220; text_text_color=&#8220;#FFFFFF&#8220; text_font_size=&#8220;18px&#8220; header_text_color=&#8220;#FFFFFF&#8220; header_2_text_color=&#8220;#FFFFFF&#8220; custom_margin=&#8220;20px|20px|20px|20px|true|true&#8220; text_font_size_tablet=&#8220;18px&#8220; text_font_size_phone=&#8220;14px&#8220; text_font_size_last_edited=&#8220;on|phone&#8220; global_colors_info=&#8220;{}&#8220;]<\/p>\n<h2><a href=\"https:\/\/bygrowers.dk\/wp-content\/uploads\/2023\/09\/showthumb.php_.png\"><img loading=\"lazy\" decoding=\"async\" class=\"wp-image-8500 alignnone size-medium\" src=\"https:\/\/bygrowers.dk\/wp-content\/uploads\/2023\/09\/showthumb.php_-300x113.png\" alt=\"\" width=\"300\" height=\"113\" srcset=\"https:\/\/bygrowers.dk\/wp-content\/uploads\/2023\/09\/showthumb.php_-300x113.png 300w, https:\/\/bygrowers.dk\/wp-content\/uploads\/2023\/09\/showthumb.php_.png 360w\" sizes=\"(max-width: 300px) 100vw, 300px\" \/><\/a><\/h2>\n<p>Gourmet Garden ist eine bygrowers-Produktlinie. Hier bieten wir G\u00e4rtnern Gem\u00fcsepflanzen zur weiteren Kultivierung in deren eigenen Gew\u00e4chsh\u00e4usern an.\u00a0 Unser Sortiment umfasst in etwa 15 Sorten Tomaten, 9 Sorten Chilis und 4 Sorten Gurken.<\/p>\n<p>Sie werden bei entsprechender Temperatur pflanzfertig geliefert \u2013 freuen Sie sich Sie auf die Selbstversorgung mit eigenem sonnengereiften Gem\u00fcse w\u00e4hrend des Sommers. Halten Sie in den Gesch\u00e4ften Ausschau nach den hellgr\u00fcnen T\u00f6pfen.<\/p>\n<p>Zum zweiten Mal bereits haben wir unser Gourmet-Garden-Sortiment erweitert. Unsere\u00a0speziellen Sorten sind f\u00fcr jene ambitionierten Hobbyg\u00e4rtner mit dem ultragr\u00fcnen Daumen, au\u00dferdem gibt es ein brandneues\u00a0Bio-Sortiment. Beide Linien wurden 2020 mit gro\u00dfem Erfolg eingef\u00fchrt. Im Laufe des Jahres probieren wir fortlaufend neue Sorten aus, um sicherzustellen, dass wir Ihnen die besten Pflanzen f\u00fcr Ihr Hobbygew\u00e4chshaus anbieten k\u00f6nnen.<\/p>\n<p>Es ist wunderbar, sein eigenes Gem\u00fcse anzubauen. Gem\u00fcse aus eigenem Anbau hat einen ganz besonderen Geschmack, saftig und knackig \u2013 und es ist etwas ganz Besonderes, im eigenen Gew\u00e4chshaus oder im Garten frisches Gem\u00fcse zu ernten, statt es im Laden zu kaufen.<\/p>\n<p>[\/et_pb_text][et_pb_social_media_follow use_icon_font_size=&#8220;on&#8220; icon_font_size=&#8220;18px&#8220; icon_font_size_tablet=&#8220;18px&#8220; icon_font_size_phone=&#8220;14px&#8220; icon_font_size_last_edited=&#8220;on|desktop&#8220; _builder_version=&#8220;4.22.2&#8243; _module_preset=&#8220;default&#8220; transform_scale=&#8220;100%|93%&#8220; transform_translate_linked=&#8220;off&#8220; text_orientation=&#8220;center&#8220; global_colors_info=&#8220;{}&#8220;][et_pb_social_media_follow_network social_network=&#8220;instagram&#8220; url=&#8220;https:\/\/www.instagram.com\/gourmetgarden_bygrowers\/&#8220; use_icon_font_size=&#8220;on&#8220; icon_font_size=&#8220;28px&#8220; _builder_version=&#8220;4.22.2&#8243; _module_preset=&#8220;default&#8220; background_color=&#8220;#0D5257&#8243; background_enable_color=&#8220;on&#8220; global_colors_info=&#8220;{}&#8220; follow_button=&#8220;off&#8220; url_new_window=&#8220;on&#8220;]instagram[\/et_pb_social_media_follow_network][\/et_pb_social_media_follow][et_pb_text _builder_version=&#8220;4.22.2&#8243; _module_preset=&#8220;default&#8220; global_colors_info=&#8220;{}&#8220;][\/et_pb_text][\/et_pb_column][et_pb_column type=&#8220;1_2&#8243; _builder_version=&#8220;4.16&#8243; _module_preset=&#8220;default&#8220; global_colors_info=&#8220;{}&#8220;][et_pb_image src=&#8220;https:\/\/bygrowers.dk\/wp-content\/uploads\/2023\/09\/Gourmet-Garden_.jpg&#8220; title_text=&#8220;Gourmet Garden_&#8220; _builder_version=&#8220;4.22.2&#8243; _module_preset=&#8220;default&#8220; global_colors_info=&#8220;{}&#8220;][\/et_pb_image][et_pb_image src=&#8220;https:\/\/bygrowers.dk\/wp-content\/uploads\/2021\/09\/Instagram-3-1024&#215;683.jpg&#8220; title_text=&#8220;Gourmet garden&#8220; _builder_version=&#8220;4.16&#8243; _module_preset=&#8220;default&#8220; global_colors_info=&#8220;{}&#8220;][\/et_pb_image][et_pb_blurb title=&#8220;Wir verwenden biologische Pflanzenschutzmittel&#8220; image=&#8220;https:\/\/bygrowers.dk\/wp-content\/uploads\/2021\/09\/icon-150&#215;150.png&#8220; _builder_version=&#8220;4.22.2&#8243; _module_preset=&#8220;default&#8220; header_text_align=&#8220;center&#8220; header_text_color=&#8220;#7CDA24&#8243; header_font_size=&#8220;30px&#8220; min_height=&#8220;240px&#8220; custom_margin=&#8220;-117px||||false|false&#8220; header_font_size_tablet=&#8220;34px&#8220; header_font_size_phone=&#8220;24px&#8220; header_font_size_last_edited=&#8220;on|phone&#8220; global_colors_info=&#8220;{}&#8220;][\/et_pb_blurb][\/et_pb_column][\/et_pb_row][et_pb_row column_structure=&#8220;1_3,1_3,1_3&#8243; _builder_version=&#8220;4.22.2&#8243; _module_preset=&#8220;default&#8220; global_colors_info=&#8220;{}&#8220;][et_pb_column type=&#8220;1_3&#8243; _builder_version=&#8220;4.22.2&#8243; _module_preset=&#8220;default&#8220; global_colors_info=&#8220;{}&#8220;][et_pb_image src=&#8220;https:\/\/bygrowers.dk\/wp-content\/uploads\/2023\/09\/Chilli-Apache.jpg&#8220; title_text=&#8220;Chilli-Apache&#8220; _builder_version=&#8220;4.22.2&#8243; _module_preset=&#8220;default&#8220; global_colors_info=&#8220;{}&#8220;][\/et_pb_image][et_pb_text admin_label=&#8220;Agurker&#8220; _builder_version=&#8220;4.22.2&#8243; _module_preset=&#8220;default&#8220; text_font=&#8220;Caveat||||||||&#8220; header_font=&#8220;Caveat||||||||&#8220; header_text_color=&#8220;#FFFFFF&#8220; header_font_size=&#8220;50px&#8220; min_height=&#8220;17px&#8220; custom_margin=&#8220;-80px|||22px|false|false&#8220; global_colors_info=&#8220;{}&#8220;]<\/p>\n<h1>Chili &amp; Pfeffer<\/h1>\n<p>[\/et_pb_text][\/et_pb_column][et_pb_column type=&#8220;1_3&#8243; _builder_version=&#8220;4.22.2&#8243; _module_preset=&#8220;default&#8220; global_colors_info=&#8220;{}&#8220;][et_pb_image src=&#8220;https:\/\/bygrowers.dk\/wp-content\/uploads\/2023\/09\/Agurk-Passandra.jpg&#8220; title_text=&#8220;Agurk-Passandra&#8220; _builder_version=&#8220;4.22.2&#8243; _module_preset=&#8220;default&#8220; global_colors_info=&#8220;{}&#8220;][\/et_pb_image][et_pb_text admin_label=&#8220;Agurker&#8220; _builder_version=&#8220;4.22.2&#8243; _module_preset=&#8220;default&#8220; text_font=&#8220;Caveat||||||||&#8220; header_font=&#8220;Caveat||||||||&#8220; header_text_color=&#8220;#FFFFFF&#8220; header_font_size=&#8220;50px&#8220; custom_margin=&#8220;-80px|||22px|false|false&#8220; global_colors_info=&#8220;{}&#8220;]<\/p>\n<h1>Gurken<\/h1>\n<p>[\/et_pb_text][\/et_pb_column][et_pb_column type=&#8220;1_3&#8243; _builder_version=&#8220;4.22.2&#8243; _module_preset=&#8220;default&#8220; global_colors_info=&#8220;{}&#8220;][et_pb_image src=&#8220;https:\/\/bygrowers.dk\/wp-content\/uploads\/2023\/09\/Cocktail-tomato.jpg&#8220; title_text=&#8220;Cocktail-tomato&#8220; _builder_version=&#8220;4.22.2&#8243; _module_preset=&#8220;default&#8220; global_colors_info=&#8220;{}&#8220;][\/et_pb_image][et_pb_text admin_label=&#8220;Agurker&#8220; _builder_version=&#8220;4.22.2&#8243; _module_preset=&#8220;default&#8220; text_font=&#8220;Caveat||||||||&#8220; header_font=&#8220;Caveat||||||||&#8220; header_text_color=&#8220;#FFFFFF&#8220; header_font_size=&#8220;50px&#8220; custom_margin=&#8220;-80px|||22px|false|false&#8220; global_colors_info=&#8220;{}&#8220;]<\/p>\n<h1>Tomaten<\/h1>\n<p>[\/et_pb_text][\/et_pb_column][\/et_pb_row][\/et_pb_section]<\/p>\n","protected":false},"excerpt":{"rendered":"<p>Gourmet Garden ist eine bygrowers-Produktlinie. Hier bieten wir G\u00e4rtnern Gem\u00fcsepflanzen zur weiteren Kultivierung in deren eigenen Gew\u00e4chsh\u00e4usern an.\u00a0 Unser Sortiment umfasst in etwa 15 Sorten Tomaten, 9 Sorten Chilis und 4 Sorten Gurken. Sie werden bei entsprechender Temperatur pflanzfertig geliefert \u2013 freuen Sie sich Sie auf die Selbstversorgung mit eigenem sonnengereiften Gem\u00fcse w\u00e4hrend des Sommers. [&hellip;]<\/p>\n","protected":false},"author":2,"featured_media":0,"parent":0,"menu_order":0,"comment_status":"closed","ping_status":"closed","template":"","meta":{"_acf_changed":false,"_et_pb_use_builder":"on","_et_pb_old_content":"","_et_gb_content_width":"","iawp_total_views":34,"footnotes":""},"class_list":["post-1427","page","type-page","status-publish","hentry"],"acf":[],"yoast_head":"<!-- This site is optimized with the Yoast SEO plugin v25.8 - https:\/\/yoast.com\/wordpress\/plugins\/seo\/ -->\n<title>Gourmet Garden - Bygrowers\u00ae<\/title>\n<meta name=\"robots\" content=\"index, follow, max-snippet:-1, max-image-preview:large, max-video-preview:-1\" \/>\n<link rel=\"canonical\" href=\"https:\/\/bygrowers.dk\/de\/gourmet-garden\/\" \/>\n<meta property=\"og:locale\" content=\"de_DE\" \/>\n<meta property=\"og:type\" content=\"article\" \/>\n<meta property=\"og:title\" content=\"Gourmet Garden - Bygrowers\u00ae\" \/>\n<meta property=\"og:description\" content=\"Gourmet Garden ist eine bygrowers-Produktlinie. Hier bieten wir G\u00e4rtnern Gem\u00fcsepflanzen zur weiteren Kultivierung in deren eigenen Gew\u00e4chsh\u00e4usern an.\u00a0 Unser Sortiment umfasst in etwa 15 Sorten Tomaten, 9 Sorten Chilis und 4 Sorten Gurken. Sie werden bei entsprechender Temperatur pflanzfertig geliefert \u2013 freuen Sie sich Sie auf die Selbstversorgung mit eigenem sonnengereiften Gem\u00fcse w\u00e4hrend des Sommers. [&hellip;]\" \/>\n<meta property=\"og:url\" content=\"https:\/\/bygrowers.dk\/de\/gourmet-garden\/\" \/>\n<meta property=\"og:site_name\" content=\"Bygrowers\u00ae\" \/>\n<meta property=\"article:modified_time\" content=\"2023-10-02T05:56:41+00:00\" \/>\n<meta property=\"og:image\" content=\"https:\/\/bygrowers.dk\/wp-content\/uploads\/2023\/09\/showthumb.php_-300x113.png\" \/>\n<meta name=\"twitter:card\" content=\"summary_large_image\" \/>\n<meta name=\"twitter:label1\" content=\"Gesch\u00e4tzte Lesezeit\" \/>\n\t<meta name=\"twitter:data1\" content=\"3\u00a0Minuten\" \/>\n<script type=\"application\/ld+json\" class=\"yoast-schema-graph\">{\"@context\":\"https:\/\/schema.org\",\"@graph\":[{\"@type\":\"WebPage\",\"@id\":\"https:\/\/bygrowers.dk\/de\/gourmet-garden\/\",\"url\":\"https:\/\/bygrowers.dk\/de\/gourmet-garden\/\",\"name\":\"Gourmet Garden - Bygrowers\u00ae\",\"isPartOf\":{\"@id\":\"https:\/\/bygrowers.dk\/#website\"},\"primaryImageOfPage\":{\"@id\":\"https:\/\/bygrowers.dk\/de\/gourmet-garden\/#primaryimage\"},\"image\":{\"@id\":\"https:\/\/bygrowers.dk\/de\/gourmet-garden\/#primaryimage\"},\"thumbnailUrl\":\"https:\/\/bygrowers.dk\/wp-content\/uploads\/2023\/09\/showthumb.php_-300x113.png\",\"datePublished\":\"2021-09-16T15:27:18+00:00\",\"dateModified\":\"2023-10-02T05:56:41+00:00\",\"inLanguage\":\"de\",\"potentialAction\":[{\"@type\":\"ReadAction\",\"target\":[\"https:\/\/bygrowers.dk\/de\/gourmet-garden\/\"]}]},{\"@type\":\"ImageObject\",\"inLanguage\":\"de\",\"@id\":\"https:\/\/bygrowers.dk\/de\/gourmet-garden\/#primaryimage\",\"url\":\"https:\/\/bygrowers.dk\/wp-content\/uploads\/2023\/09\/showthumb.php_-300x113.png\",\"contentUrl\":\"https:\/\/bygrowers.dk\/wp-content\/uploads\/2023\/09\/showthumb.php_-300x113.png\"},{\"@type\":\"WebSite\",\"@id\":\"https:\/\/bygrowers.dk\/#website\",\"url\":\"https:\/\/bygrowers.dk\/\",\"name\":\"Bygrowers\u00ae\",\"description\":\"Plants with passion\",\"potentialAction\":[{\"@type\":\"SearchAction\",\"target\":{\"@type\":\"EntryPoint\",\"urlTemplate\":\"https:\/\/bygrowers.dk\/?s={search_term_string}\"},\"query-input\":{\"@type\":\"PropertyValueSpecification\",\"valueRequired\":true,\"valueName\":\"search_term_string\"}}],\"inLanguage\":\"de\"}]}<\/script>\n<!-- \/ Yoast SEO plugin. -->","yoast_head_json":{"title":"Gourmet Garden - Bygrowers\u00ae","robots":{"index":"index","follow":"follow","max-snippet":"max-snippet:-1","max-image-preview":"max-image-preview:large","max-video-preview":"max-video-preview:-1"},"canonical":"https:\/\/bygrowers.dk\/de\/gourmet-garden\/","og_locale":"de_DE","og_type":"article","og_title":"Gourmet Garden - Bygrowers\u00ae","og_description":"Gourmet Garden ist eine bygrowers-Produktlinie. Hier bieten wir G\u00e4rtnern Gem\u00fcsepflanzen zur weiteren Kultivierung in deren eigenen Gew\u00e4chsh\u00e4usern an.\u00a0 Unser Sortiment umfasst in etwa 15 Sorten Tomaten, 9 Sorten Chilis und 4 Sorten Gurken. Sie werden bei entsprechender Temperatur pflanzfertig geliefert \u2013 freuen Sie sich Sie auf die Selbstversorgung mit eigenem sonnengereiften Gem\u00fcse w\u00e4hrend des Sommers. [&hellip;]","og_url":"https:\/\/bygrowers.dk\/de\/gourmet-garden\/","og_site_name":"Bygrowers\u00ae","article_modified_time":"2023-10-02T05:56:41+00:00","og_image":[{"url":"https:\/\/bygrowers.dk\/wp-content\/uploads\/2023\/09\/showthumb.php_-300x113.png","type":"","width":"","height":""}],"twitter_card":"summary_large_image","twitter_misc":{"Gesch\u00e4tzte Lesezeit":"3\u00a0Minuten"},"schema":{"@context":"https:\/\/schema.org","@graph":[{"@type":"WebPage","@id":"https:\/\/bygrowers.dk\/de\/gourmet-garden\/","url":"https:\/\/bygrowers.dk\/de\/gourmet-garden\/","name":"Gourmet Garden - Bygrowers\u00ae","isPartOf":{"@id":"https:\/\/bygrowers.dk\/#website"},"primaryImageOfPage":{"@id":"https:\/\/bygrowers.dk\/de\/gourmet-garden\/#primaryimage"},"image":{"@id":"https:\/\/bygrowers.dk\/de\/gourmet-garden\/#primaryimage"},"thumbnailUrl":"https:\/\/bygrowers.dk\/wp-content\/uploads\/2023\/09\/showthumb.php_-300x113.png","datePublished":"2021-09-16T15:27:18+00:00","dateModified":"2023-10-02T05:56:41+00:00","inLanguage":"de","potentialAction":[{"@type":"ReadAction","target":["https:\/\/bygrowers.dk\/de\/gourmet-garden\/"]}]},{"@type":"ImageObject","inLanguage":"de","@id":"https:\/\/bygrowers.dk\/de\/gourmet-garden\/#primaryimage","url":"https:\/\/bygrowers.dk\/wp-content\/uploads\/2023\/09\/showthumb.php_-300x113.png","contentUrl":"https:\/\/bygrowers.dk\/wp-content\/uploads\/2023\/09\/showthumb.php_-300x113.png"},{"@type":"WebSite","@id":"https:\/\/bygrowers.dk\/#website","url":"https:\/\/bygrowers.dk\/","name":"Bygrowers\u00ae","description":"Plants with passion","potentialAction":[{"@type":"SearchAction","target":{"@type":"EntryPoint","urlTemplate":"https:\/\/bygrowers.dk\/?s={search_term_string}"},"query-input":{"@type":"PropertyValueSpecification","valueRequired":true,"valueName":"search_term_string"}}],"inLanguage":"de"}]}},"_links":{"self":[{"href":"https:\/\/bygrowers.dk\/de\/wp-json\/wp\/v2\/pages\/1427","targetHints":{"allow":["GET"]}}],"collection":[{"href":"https:\/\/bygrowers.dk\/de\/wp-json\/wp\/v2\/pages"}],"about":[{"href":"https:\/\/bygrowers.dk\/de\/wp-json\/wp\/v2\/types\/page"}],"author":[{"embeddable":true,"href":"https:\/\/bygrowers.dk\/de\/wp-json\/wp\/v2\/users\/2"}],"replies":[{"embeddable":true,"href":"https:\/\/bygrowers.dk\/de\/wp-json\/wp\/v2\/comments?post=1427"}],"version-history":[{"count":35,"href":"https:\/\/bygrowers.dk\/de\/wp-json\/wp\/v2\/pages\/1427\/revisions"}],"predecessor-version":[{"id":8815,"href":"https:\/\/bygrowers.dk\/de\/wp-json\/wp\/v2\/pages\/1427\/revisions\/8815"}],"wp:attachment":[{"href":"https:\/\/bygrowers.dk\/de\/wp-json\/wp\/v2\/media?parent=1427"}],"curies":[{"name":"wp","href":"https:\/\/api.w.org\/{rel}","templated":true}]}}