{"id":1418,"date":"2021-09-16T15:27:50","date_gmt":"2021-09-16T15:27:50","guid":{"rendered":"https:\/\/bygrowers.dk\/contact\/"},"modified":"2024-01-23T12:33:42","modified_gmt":"2024-01-23T12:33:42","slug":"contact","status":"publish","type":"page","link":"https:\/\/bygrowers.dk\/de\/contact\/","title":{"rendered":"Kontakt"},"content":{"rendered":"<p>[et_pb_section fb_built=&#8220;1&#8243; admin_label=&#8220;Header&#8220; _builder_version=&#8220;4.16&#8243; background_image=&#8220;https:\/\/bygrowers.dk\/wp-content\/uploads\/2021\/11\/massage-20.jpg&#8220; background_size=&#8220;contain&#8220; custom_padding=&#8220;||0px|||&#8220; global_colors_info=&#8220;{}&#8220;][et_pb_row _builder_version=&#8220;4.22.2&#8243; _module_preset=&#8220;default&#8220; global_colors_info=&#8220;{}&#8220;][et_pb_column type=&#8220;4_4&#8243; _builder_version=&#8220;4.22.2&#8243; _module_preset=&#8220;default&#8220; global_colors_info=&#8220;{}&#8220;][et_pb_text _builder_version=&#8220;4.22.2&#8243; _module_preset=&#8220;default&#8220; global_colors_info=&#8220;{}&#8220;][\/et_pb_text][\/et_pb_column][\/et_pb_row][et_pb_row column_structure=&#8220;3_5,2_5&#8243; admin_label=&#8220;Kontakt Info&#8220; _builder_version=&#8220;4.16&#8243; custom_padding=&#8220;0px||0px||true|false&#8220; global_colors_info=&#8220;{}&#8220;][et_pb_column type=&#8220;3_5&#8243; _builder_version=&#8220;4.16&#8243; global_colors_info=&#8220;{}&#8220;][et_pb_image src=&#8220;https:\/\/bygrowers.dk\/wp-content\/uploads\/2022\/02\/2012-06-29-Billeder-kaerby-001.jpg&#8220; title_text=&#8220;2012-06-29-Billeder-k\u00e6rby-001&#8243; _builder_version=&#8220;4.16&#8243; custom_margin=&#8220;|||-10vw|false|false&#8220; custom_margin_tablet=&#8220;|||0vw|false|false&#8220; custom_margin_phone=&#8220;&#8220; custom_margin_last_edited=&#8220;on|desktop&#8220; global_colors_info=&#8220;{}&#8220;][\/et_pb_image][\/et_pb_column][et_pb_column type=&#8220;2_5&#8243; _builder_version=&#8220;4.16&#8243; global_colors_info=&#8220;{}&#8220;][et_pb_divider show_divider=&#8220;off&#8220; _builder_version=&#8220;4.22.1&#8243; width=&#8220;100px&#8220; custom_margin=&#8220;|||-56px|false|false&#8220; locked=&#8220;off&#8220; global_colors_info=&#8220;{}&#8220;][\/et_pb_divider][et_pb_blurb title=&#8220;Kontakten Sie Uns&#8220; use_icon=&#8220;on&#8220; font_icon=&#8220;&#xe076;||divi||400&#8243; icon_color=&#8220;#000000&#8243; icon_placement=&#8220;left&#8220; _builder_version=&#8220;4.22.1&#8243; header_font=&#8220;||||||||&#8220; header_text_color=&#8220;#0D5257&#8243; header_font_size=&#8220;22px&#8220; header_line_height=&#8220;1.4em&#8220; body_font=&#8220;||||||||&#8220; body_font_size=&#8220;16px&#8220; body_link_font=&#8220;||||on||||&#8220; body_link_text_color=&#8220;#000000&#8243; text_orientation=&#8220;center&#8220; header_font_size_tablet=&#8220;20px&#8220; header_font_size_phone=&#8220;18px&#8220; header_font_size_last_edited=&#8220;on|desktop&#8220; body_font_size_tablet=&#8220;16px&#8220; body_font_size_phone=&#8220;14px&#8220; body_font_size_last_edited=&#8220;on|phone&#8220; body_line_height_tablet=&#8220;&#8220; body_line_height_phone=&#8220;1.6em&#8220; body_line_height_last_edited=&#8220;on|phone&#8220; locked=&#8220;off&#8220; global_colors_info=&#8220;{}&#8220;]<\/p>\n<p>\u00a0+45 65 95 1134<br \/><a href=\"mailto:salg@bygrowers.dk\">salg@bygrowers.dk<\/a><\/p>\n<p>[\/et_pb_blurb][et_pb_blurb title=&#8220;Besuchen Sie Uns&#8220; use_icon=&#8220;on&#8220; font_icon=&#8220;&#xe081;||divi||400&#8243; icon_color=&#8220;#000000&#8243; icon_placement=&#8220;left&#8220; _builder_version=&#8220;4.22.1&#8243; header_font=&#8220;||||||||&#8220; header_text_color=&#8220;#0D5257&#8243; header_font_size=&#8220;22px&#8220; header_line_height=&#8220;1.4em&#8220; body_font=&#8220;||||||||&#8220; body_font_size=&#8220;16px&#8220; body_link_font=&#8220;||||on||||&#8220; body_link_text_color=&#8220;#000000&#8243; text_orientation=&#8220;center&#8220; header_font_size_tablet=&#8220;20px&#8220; header_font_size_phone=&#8220;18px&#8220; header_font_size_last_edited=&#8220;on|phone&#8220; body_font_size_tablet=&#8220;16px&#8220; body_font_size_phone=&#8220;14px&#8220; body_font_size_last_edited=&#8220;on|phone&#8220; body_line_height_tablet=&#8220;&#8220; body_line_height_phone=&#8220;1.6em&#8220; body_line_height_last_edited=&#8220;on|phone&#8220; locked=&#8220;off&#8220; global_colors_info=&#8220;{}&#8220;]<\/p>\n<p>Headquarters<br \/>Nyborgvej 651<br \/>DK- 5220 Odense S\u00d8<\/p>\n<p>[\/et_pb_blurb][et_pb_blurb title=&#8220;\u00d6ffnungzeiten&#8220; use_icon=&#8220;on&#8220; font_icon=&#8220;&#xe06b;||divi||400&#8243; icon_color=&#8220;#000000&#8243; icon_placement=&#8220;left&#8220; _builder_version=&#8220;4.22.1&#8243; header_font=&#8220;||||||||&#8220; header_text_color=&#8220;#0D5257&#8243; header_font_size=&#8220;22px&#8220; header_line_height=&#8220;1.4em&#8220; body_font=&#8220;||||||||&#8220; body_font_size=&#8220;16px&#8220; body_link_font=&#8220;||||on||||&#8220; body_link_text_color=&#8220;#000000&#8243; text_orientation=&#8220;center&#8220; header_font_size_tablet=&#8220;20px&#8220; header_font_size_phone=&#8220;18px&#8220; header_font_size_last_edited=&#8220;on|desktop&#8220; body_font_size_tablet=&#8220;16px&#8220; body_font_size_phone=&#8220;14px&#8220; body_font_size_last_edited=&#8220;on|phone&#8220; body_line_height_tablet=&#8220;&#8220; body_line_height_phone=&#8220;1.6em&#8220; body_line_height_last_edited=&#8220;on|phone&#8220; locked=&#8220;off&#8220; global_colors_info=&#8220;{}&#8220;]<\/p>\n<p>\u00d6ffnungszeiten:<br \/>Mo &#8211; Fr: 07.30 &#8211; 16.00<br \/>Wochenende und Feiertage geschlossen<\/p>\n<p>[\/et_pb_blurb][\/et_pb_column][\/et_pb_row][\/et_pb_section][et_pb_section fb_built=&#8220;1&#8243; specialty=&#8220;on&#8220; custom_css_main_1=&#8220;z-index: 10;&#8220; admin_label=&#8220;Footer&#8220; _builder_version=&#8220;4.16&#8243; background_image=&#8220;https:\/\/bygrowers.dk\/wp-content\/uploads\/2021\/11\/massage-17-1.jpg&#8220; background_size=&#8220;contain&#8220; custom_margin=&#8220;||30px||false|false&#8220; custom_margin_tablet=&#8220;||0px||false|false&#8220; custom_margin_phone=&#8220;&#8220; custom_margin_last_edited=&#8220;on|tablet&#8220; locked=&#8220;off&#8220; global_colors_info=&#8220;{}&#8220;][et_pb_column type=&#8220;1_2&#8243; specialty_columns=&#8220;2&#8243; _builder_version=&#8220;4.16&#8243; custom_padding=&#8220;|||&#8220; global_colors_info=&#8220;{}&#8220; custom_padding__hover=&#8220;|||&#8220;][et_pb_row_inner _builder_version=&#8220;4.16&#8243; global_colors_info=&#8220;{}&#8220;][et_pb_column_inner saved_specialty_column_type=&#8220;1_2&#8243; _builder_version=&#8220;4.16&#8243; global_colors_info=&#8220;{}&#8220;][et_pb_text _builder_version=&#8220;4.22.1&#8243; header_2_font=&#8220;||||||||&#8220; header_2_text_color=&#8220;#0D5257&#8243; header_2_font_size=&#8220;65px&#8220; header_2_letter_spacing=&#8220;3px&#8220; header_2_line_height=&#8220;1.2em&#8220; max_width=&#8220;800px&#8220; header_2_font_size_tablet=&#8220;38px&#8220; header_2_font_size_phone=&#8220;34px&#8220; header_2_font_size_last_edited=&#8220;on|phone&#8220; header_2_letter_spacing_tablet=&#8220;1px&#8220; header_2_letter_spacing_phone=&#8220;0px&#8220; header_2_letter_spacing_last_edited=&#8220;on|desktop&#8220; locked=&#8220;off&#8220; global_colors_info=&#8220;{}&#8220;]<\/p>\n<h2>Besuch planen<\/h2>\n<p>[\/et_pb_text][\/et_pb_column_inner][\/et_pb_row_inner][et_pb_row_inner custom_padding_last_edited=&#8220;on|phone&#8220; _builder_version=&#8220;4.16&#8243; background_color=&#8220;#FFFFFF&#8220; transform_scale=&#8220;138%|138%&#8220; transform_scale_tablet=&#8220;100%|100%&#8220; transform_scale_phone=&#8220;&#8220; transform_scale_last_edited=&#8220;on|desktop&#8220; transform_translate_tablet=&#8220;&#8220; transform_translate_phone=&#8220;&#8220; transform_translate_last_edited=&#8220;on|desktop&#8220; transform_rotate_tablet=&#8220;&#8220; transform_rotate_phone=&#8220;&#8220; transform_rotate_last_edited=&#8220;on|desktop&#8220; transform_skew_tablet=&#8220;&#8220; transform_skew_phone=&#8220;&#8220; transform_skew_last_edited=&#8220;on|desktop&#8220; transform_origin=&#8220;30%|0%&#8220; transform_origin_tablet=&#8220;&#8220; transform_origin_phone=&#8220;&#8220; transform_origin_last_edited=&#8220;on|desktop&#8220; transform_styles_last_edited=&#8220;on|desktop&#8220; custom_margin=&#8220;||||false|false&#8220; custom_padding=&#8220;40px|40px|40px|120px|true|false&#8220; custom_padding_tablet=&#8220;|||40px|true|false&#8220; custom_padding_phone=&#8220;|20px||20px|true|true&#8220; transform_styles_tablet=&#8220;&#8220; transform_styles_phone=&#8220;&#8220; box_shadow_style=&#8220;preset1&#8243; box_shadow_vertical=&#8220;45px&#8220; box_shadow_blur=&#8220;84px&#8220; box_shadow_spread=&#8220;-40px&#8220; global_colors_info=&#8220;{}&#8220;][et_pb_column_inner saved_specialty_column_type=&#8220;1_2&#8243; _builder_version=&#8220;4.16&#8243; global_colors_info=&#8220;{}&#8220;][et_pb_divider color=&#8220;#0D5257&#8243; divider_weight=&#8220;2px&#8220; _builder_version=&#8220;4.16&#8243; width=&#8220;100px&#8220; custom_margin=&#8220;||0px|-70px|false|false&#8220; custom_margin_tablet=&#8220;|||0px|false|false&#8220; custom_margin_phone=&#8220;&#8220; custom_margin_last_edited=&#8220;on|desktop&#8220; locked=&#8220;off&#8220; global_colors_info=&#8220;{}&#8220;][\/et_pb_divider][et_pb_text _builder_version=&#8220;4.22.1&#8243; text_font=&#8220;||||||||&#8220; text_font_size=&#8220;14px&#8220; text_line_height=&#8220;1.8em&#8220; max_width=&#8220;800px&#8220; custom_margin=&#8220;|46px||||&#8220; custom_padding=&#8220;|9px|0px|||&#8220; text_font_size_tablet=&#8220;18px&#8220; text_font_size_phone=&#8220;14px&#8220; text_font_size_last_edited=&#8220;on|phone&#8220; text_line_height_tablet=&#8220;&#8220; text_line_height_phone=&#8220;1.6em&#8220; text_line_height_last_edited=&#8220;on|phone&#8220; locked=&#8220;off&#8220; global_colors_info=&#8220;{}&#8220;]<\/p>\n<p>Wir haben 7 Abteilungen auf der d\u00e4nischen Insel Fyn. Buchen Sie also unbedingt Ihren Termin, um in die richtige Richtung zu weisen.<\/p>\n<p>Denken Sie daran, dass dies nur f\u00fcr B2B gilt.<\/p>\n<p>[\/et_pb_text][et_pb_button button_url=&#8220;@ET-DC@eyJkeW5hbWljIjp0cnVlLCJjb250ZW50IjoicG9zdF9saW5rX3VybF9wYWdlIiwic2V0dGluZ3MiOnsicG9zdF9pZCI6IjQzNyJ9fQ==@&#8220; button_text=&#8220;Machen Sie ein Termin&#8220; _builder_version=&#8220;4.22.1&#8243; _dynamic_attributes=&#8220;button_url&#8220; custom_button=&#8220;on&#8220; button_text_size=&#8220;11px&#8220; button_text_color=&#8220;#0D5257&#8243; button_bg_color=&#8220;rgba(0,0,0,0)&#8220; button_bg_color_gradient_direction=&#8220;160deg&#8220; button_border_width=&#8220;1px&#8220; button_border_color=&#8220;#888888&#8243; button_border_radius=&#8220;0px&#8220; button_letter_spacing=&#8220;2px&#8220; button_font=&#8220;Abel|700||on|||||&#8220; button_use_icon=&#8220;off&#8220; custom_padding=&#8220;10px|20px|10px|20px|true|true&#8220; custom_padding_tablet=&#8220;14px|24px|14px|24px|true|true&#8220; custom_padding_phone=&#8220;&#8220; custom_padding_last_edited=&#8220;on|desktop&#8220; button_text_size_tablet=&#8220;15px&#8220; button_text_size_phone=&#8220;&#8220; button_text_size_last_edited=&#8220;on|desktop&#8220; box_shadow_vertical_last_edited=&#8220;off|desktop&#8220; locked=&#8220;off&#8220; global_colors_info=&#8220;{}&#8220; box_shadow_color__hover=&#8220;#2585b2&#8243; box_shadow_blur__hover_enabled=&#8220;on&#8220; box_shadow_blur__hover=&#8220;40px&#8220; box_shadow_vertical__hover_enabled=&#8220;on&#8220; box_shadow_vertical__hover=&#8220;20px&#8220;][\/et_pb_button][\/et_pb_column_inner][\/et_pb_row_inner][\/et_pb_column][et_pb_column type=&#8220;1_2&#8243; _builder_version=&#8220;4.16&#8243; custom_padding=&#8220;|||&#8220; global_colors_info=&#8220;{}&#8220; custom_padding__hover=&#8220;|||&#8220;][et_pb_image src=&#8220;https:\/\/bygrowers.dk\/wp-content\/uploads\/2023\/09\/shutterstock_1633359382-1-scaled.jpg&#8220; title_text=&#8220;Purple,Primulas.,Plantae.,Primula,Vulgaris.,Primula,Acaulis&#8220; _builder_version=&#8220;4.22.1&#8243; locked=&#8220;off&#8220; global_colors_info=&#8220;{}&#8220;][\/et_pb_image][\/et_pb_column][\/et_pb_section][et_pb_section fb_built=&#8220;1&#8243; _builder_version=&#8220;4.16&#8243; _module_preset=&#8220;default&#8220; global_colors_info=&#8220;{}&#8220;][et_pb_row _builder_version=&#8220;4.16&#8243; _module_preset=&#8220;default&#8220; global_colors_info=&#8220;{}&#8220;][et_pb_column type=&#8220;4_4&#8243; _builder_version=&#8220;4.16&#8243; _module_preset=&#8220;default&#8220; global_colors_info=&#8220;{}&#8220;][et_pb_text _builder_version=&#8220;4.22.1&#8243; _module_preset=&#8220;default&#8220; text_font_size=&#8220;18px&#8220; text_font_size_tablet=&#8220;18px&#8220; text_font_size_phone=&#8220;14px&#8220; text_font_size_last_edited=&#8220;on|phone&#8220; global_colors_info=&#8220;{}&#8220;]<\/p>\n<p><strong>K\u00e6rby<\/strong><\/p>\n<p>Nyborgvej 651<br \/>5220 Odense S\u00d8<\/p>\n<p>[\/et_pb_text][et_pb_divider show_divider=&#8220;off&#8220; _builder_version=&#8220;4.16&#8243; _module_preset=&#8220;default&#8220; global_colors_info=&#8220;{}&#8220;][\/et_pb_divider][\/et_pb_column][\/et_pb_row][et_pb_row column_structure=&#8220;1_3,1_3,1_3&#8243; _builder_version=&#8220;4.16&#8243; _module_preset=&#8220;default&#8220; global_colors_info=&#8220;{}&#8220;][et_pb_column type=&#8220;1_3&#8243; _builder_version=&#8220;4.16&#8243; _module_preset=&#8220;default&#8220; global_colors_info=&#8220;{}&#8220;][et_pb_text _builder_version=&#8220;4.22.1&#8243; _module_preset=&#8220;default&#8220; text_font_size=&#8220;18px&#8220; text_font_size_tablet=&#8220;18px&#8220; text_font_size_phone=&#8220;14px&#8220; text_font_size_last_edited=&#8220;on|phone&#8220; global_colors_info=&#8220;{}&#8220;]<\/p>\n<p><strong>Nido<\/strong><\/p>\n<p>S\u00f8ndergade 67<br \/>5450 Otterup<\/p>\n<p>[\/et_pb_text][\/et_pb_column][et_pb_column type=&#8220;1_3&#8243; _builder_version=&#8220;4.16&#8243; _module_preset=&#8220;default&#8220; global_colors_info=&#8220;{}&#8220;][et_pb_text _builder_version=&#8220;4.22.1&#8243; _module_preset=&#8220;default&#8220; text_font_size=&#8220;18px&#8220; text_font_size_tablet=&#8220;18px&#8220; text_font_size_phone=&#8220;14px&#8220; text_font_size_last_edited=&#8220;on|phone&#8220; global_colors_info=&#8220;{}&#8220;]<\/p>\n<p><strong>Tanggaardvej<\/strong><\/p>\n<p>Tanggaardvej 7<br \/>5270 Odense N<\/p>\n<p>[\/et_pb_text][et_pb_divider show_divider=&#8220;off&#8220; _builder_version=&#8220;4.16&#8243; _module_preset=&#8220;default&#8220; global_colors_info=&#8220;{}&#8220;][\/et_pb_divider][\/et_pb_column][et_pb_column type=&#8220;1_3&#8243; _builder_version=&#8220;4.16&#8243; _module_preset=&#8220;default&#8220; global_colors_info=&#8220;{}&#8220;][et_pb_text _builder_version=&#8220;4.22.1&#8243; _module_preset=&#8220;default&#8220; text_font_size=&#8220;18px&#8220; text_font_size_tablet=&#8220;18px&#8220; text_font_size_phone=&#8220;14px&#8220; text_font_size_last_edited=&#8220;on|phone&#8220; global_colors_info=&#8220;{}&#8220;]<\/p>\n<p><strong>3-Kanten<\/strong><\/p>\n<p>Gr\u00f8nnegyden 148<br \/>5270 Odense N<\/p>\n<p>[\/et_pb_text][\/et_pb_column][\/et_pb_row][et_pb_row column_structure=&#8220;1_3,1_3,1_3&#8243; _builder_version=&#8220;4.16&#8243; _module_preset=&#8220;default&#8220; global_colors_info=&#8220;{}&#8220;][et_pb_column type=&#8220;1_3&#8243; _builder_version=&#8220;4.16&#8243; _module_preset=&#8220;default&#8220; global_colors_info=&#8220;{}&#8220;][et_pb_text _builder_version=&#8220;4.22.1&#8243; _module_preset=&#8220;default&#8220; text_font_size=&#8220;18px&#8220; text_font_size_tablet=&#8220;18px&#8220; text_font_size_phone=&#8220;14px&#8220; text_font_size_last_edited=&#8220;on|phone&#8220; global_colors_info=&#8220;{}&#8220;]<\/p>\n<p><strong>Skovlunden<\/strong><\/p>\n<p>Skovlunden 5<br \/>5300 Kerteminde<\/p>\n<p>[\/et_pb_text][\/et_pb_column][et_pb_column type=&#8220;1_3&#8243; _builder_version=&#8220;4.16&#8243; _module_preset=&#8220;default&#8220; global_colors_info=&#8220;{}&#8220;][et_pb_text _builder_version=&#8220;4.16&#8243; _module_preset=&#8220;default&#8220; global_colors_info=&#8220;{}&#8220;]<\/p>\n<p><strong>Nonnebo<\/strong><\/p>\n<p><span>Gartnerv\u00e6nget 3<\/span><br \/><span>5550 Langeskov<\/span><\/p>\n<p>[\/et_pb_text][\/et_pb_column][et_pb_column type=&#8220;1_3&#8243; _builder_version=&#8220;4.16&#8243; _module_preset=&#8220;default&#8220; global_colors_info=&#8220;{}&#8220;][et_pb_text _builder_version=&#8220;4.22.1&#8243; _module_preset=&#8220;default&#8220; text_font_size=&#8220;18px&#8220; text_font_size_tablet=&#8220;18px&#8220; text_font_size_phone=&#8220;14px&#8220; text_font_size_last_edited=&#8220;on|phone&#8220; global_colors_info=&#8220;{}&#8220;]<\/p>\n<p><strong>Abildgaard<\/strong><\/p>\n<p>Mejerivejen 31<br \/>5290 Marslev<\/p>\n<p>[\/et_pb_text][\/et_pb_column][\/et_pb_row][\/et_pb_section][et_pb_section fb_built=&#8220;1&#8243; admin_label=&#8220;Footer&#8220; _builder_version=&#8220;4.16&#8243; locked=&#8220;off&#8220; global_colors_info=&#8220;{}&#8220;][et_pb_row column_structure=&#8220;1_4,1_4,1_4,1_4&#8243; _builder_version=&#8220;4.16&#8243; z_index=&#8220;10&#8243; max_width=&#8220;960px&#8220; global_colors_info=&#8220;{}&#8220;][et_pb_column type=&#8220;1_4&#8243; _builder_version=&#8220;4.16&#8243; global_colors_info=&#8220;{}&#8220;][\/et_pb_column][et_pb_column type=&#8220;1_4&#8243; _builder_version=&#8220;4.16&#8243; global_colors_info=&#8220;{}&#8220;][et_pb_blurb title=&#8220;Komm herrein&#8220; image=&#8220;https:\/\/bygrowers.dk\/wp-content\/uploads\/2021\/11\/massage-therapy-icon-09.png&#8220; _builder_version=&#8220;4.22.1&#8243; header_font=&#8220;||||||||&#8220; header_text_color=&#8220;#8f5f25&#8243; header_font_size=&#8220;22px&#8220; header_line_height=&#8220;1.4em&#8220; body_font=&#8220;||||||||&#8220; body_font_size=&#8220;16px&#8220; text_orientation=&#8220;center&#8220; header_font_size_tablet=&#8220;20px&#8220; header_font_size_phone=&#8220;18px&#8220; header_font_size_last_edited=&#8220;on|phone&#8220; body_font_size_tablet=&#8220;16px&#8220; body_font_size_phone=&#8220;14px&#8220; body_font_size_last_edited=&#8220;on|desktop&#8220; body_line_height_tablet=&#8220;&#8220; body_line_height_phone=&#8220;1.6em&#8220; body_line_height_last_edited=&#8220;on|phone&#8220; locked=&#8220;off&#8220; global_colors_info=&#8220;{}&#8220;]<\/p>\n<p>Wir sind immer bereit, Sie willkommen zu hei\u00dfen. Im Sommer sind unsere Probeg\u00e4rten f\u00fcr B2B ge\u00f6ffnet.<\/p>\n<p>[\/et_pb_blurb][\/et_pb_column][et_pb_column type=&#8220;1_4&#8243; _builder_version=&#8220;4.16&#8243; global_colors_info=&#8220;{}&#8220;][et_pb_blurb title=&#8220;In Kontakt kommen&#8220; image=&#8220;https:\/\/bygrowers.dk\/wp-content\/uploads\/2021\/11\/massage-therapy-icon-012.png&#8220; _builder_version=&#8220;4.22.1&#8243; header_font=&#8220;||||||||&#8220; header_text_color=&#8220;#8f5f25&#8243; header_font_size=&#8220;22px&#8220; header_line_height=&#8220;1.4em&#8220; body_font=&#8220;||||||||&#8220; body_font_size=&#8220;16px&#8220; text_orientation=&#8220;center&#8220; custom_margin=&#8220;|-39px||||&#8220; header_font_size_tablet=&#8220;20px&#8220; header_font_size_phone=&#8220;18px&#8220; header_font_size_last_edited=&#8220;on|phone&#8220; body_font_size_tablet=&#8220;16px&#8220; body_font_size_phone=&#8220;14px&#8220; body_font_size_last_edited=&#8220;on|desktop&#8220; body_line_height_tablet=&#8220;&#8220; body_line_height_phone=&#8220;1.6em&#8220; body_line_height_last_edited=&#8220;on|phone&#8220; locked=&#8220;off&#8220; global_colors_info=&#8220;{}&#8220;]<\/p>\n<p>Kontaktieren Sie uns, wenn Sie unsere Dienstleistungen ben\u00f6tigen.<\/p>\n<p>[\/et_pb_blurb][\/et_pb_column][et_pb_column type=&#8220;1_4&#8243; _builder_version=&#8220;4.16&#8243; global_colors_info=&#8220;{}&#8220;][\/et_pb_column][\/et_pb_row][\/et_pb_section]<\/p>\n","protected":false},"excerpt":{"rendered":"<p>\u00a0+45 65 95 1134salg@bygrowers.dkHeadquartersNyborgvej 651DK- 5220 Odense S\u00d8\u00d6ffnungszeiten:Mo &#8211; Fr: 07.30 &#8211; 16.00Wochenende und Feiertage geschlossenBesuch planenWir haben 7 Abteilungen auf der d\u00e4nischen Insel Fyn. Buchen Sie also unbedingt Ihren Termin, um in die richtige Richtung zu weisen. Denken Sie daran, dass dies nur f\u00fcr B2B gilt.K\u00e6rby Nyborgvej 6515220 Odense S\u00d8Nido S\u00f8ndergade 675450 OtterupTanggaardvej Tanggaardvej [&hellip;]<\/p>\n","protected":false},"author":2,"featured_media":0,"parent":0,"menu_order":0,"comment_status":"closed","ping_status":"closed","template":"","meta":{"_acf_changed":false,"_et_pb_use_builder":"on","_et_pb_old_content":"","_et_gb_content_width":"","iawp_total_views":44,"footnotes":""},"class_list":["post-1418","page","type-page","status-publish","hentry"],"acf":[],"yoast_head":"<!-- This site is optimized with the Yoast SEO plugin v25.8 - https:\/\/yoast.com\/wordpress\/plugins\/seo\/ -->\n<title>Kontakt - Bygrowers\u00ae<\/title>\n<meta name=\"robots\" content=\"index, follow, max-snippet:-1, max-image-preview:large, max-video-preview:-1\" \/>\n<link rel=\"canonical\" href=\"https:\/\/bygrowers.dk\/de\/contact\/\" \/>\n<meta property=\"og:locale\" content=\"de_DE\" \/>\n<meta property=\"og:type\" content=\"article\" \/>\n<meta property=\"og:title\" content=\"Kontakt - Bygrowers\u00ae\" \/>\n<meta property=\"og:description\" content=\"\u00a0+45 65 95 1134salg@bygrowers.dkHeadquartersNyborgvej 651DK- 5220 Odense S\u00d8\u00d6ffnungszeiten:Mo - Fr: 07.30 - 16.00Wochenende und Feiertage geschlossenBesuch planenWir haben 7 Abteilungen auf der d\u00e4nischen Insel Fyn. Buchen Sie also unbedingt Ihren Termin, um in die richtige Richtung zu weisen. Denken Sie daran, dass dies nur f\u00fcr B2B gilt.K\u00e6rby Nyborgvej 6515220 Odense S\u00d8Nido S\u00f8ndergade 675450 OtterupTanggaardvej Tanggaardvej [&hellip;]\" \/>\n<meta property=\"og:url\" content=\"https:\/\/bygrowers.dk\/de\/contact\/\" \/>\n<meta property=\"og:site_name\" content=\"Bygrowers\u00ae\" \/>\n<meta property=\"article:modified_time\" content=\"2024-01-23T12:33:42+00:00\" \/>\n<meta name=\"twitter:card\" content=\"summary_large_image\" \/>\n<meta name=\"twitter:label1\" content=\"Gesch\u00e4tzte Lesezeit\" \/>\n\t<meta name=\"twitter:data1\" content=\"4\u00a0Minuten\" \/>\n<script type=\"application\/ld+json\" class=\"yoast-schema-graph\">{\"@context\":\"https:\/\/schema.org\",\"@graph\":[{\"@type\":\"WebPage\",\"@id\":\"https:\/\/bygrowers.dk\/de\/contact\/\",\"url\":\"https:\/\/bygrowers.dk\/de\/contact\/\",\"name\":\"Kontakt - Bygrowers\u00ae\",\"isPartOf\":{\"@id\":\"https:\/\/bygrowers.dk\/#website\"},\"datePublished\":\"2021-09-16T15:27:50+00:00\",\"dateModified\":\"2024-01-23T12:33:42+00:00\",\"inLanguage\":\"de\",\"potentialAction\":[{\"@type\":\"ReadAction\",\"target\":[\"https:\/\/bygrowers.dk\/de\/contact\/\"]}]},{\"@type\":\"WebSite\",\"@id\":\"https:\/\/bygrowers.dk\/#website\",\"url\":\"https:\/\/bygrowers.dk\/\",\"name\":\"Bygrowers\u00ae\",\"description\":\"Plants with passion\",\"potentialAction\":[{\"@type\":\"SearchAction\",\"target\":{\"@type\":\"EntryPoint\",\"urlTemplate\":\"https:\/\/bygrowers.dk\/?s={search_term_string}\"},\"query-input\":{\"@type\":\"PropertyValueSpecification\",\"valueRequired\":true,\"valueName\":\"search_term_string\"}}],\"inLanguage\":\"de\"}]}<\/script>\n<!-- \/ Yoast SEO plugin. -->","yoast_head_json":{"title":"Kontakt - Bygrowers\u00ae","robots":{"index":"index","follow":"follow","max-snippet":"max-snippet:-1","max-image-preview":"max-image-preview:large","max-video-preview":"max-video-preview:-1"},"canonical":"https:\/\/bygrowers.dk\/de\/contact\/","og_locale":"de_DE","og_type":"article","og_title":"Kontakt - Bygrowers\u00ae","og_description":"\u00a0+45 65 95 1134salg@bygrowers.dkHeadquartersNyborgvej 651DK- 5220 Odense S\u00d8\u00d6ffnungszeiten:Mo - Fr: 07.30 - 16.00Wochenende und Feiertage geschlossenBesuch planenWir haben 7 Abteilungen auf der d\u00e4nischen Insel Fyn. Buchen Sie also unbedingt Ihren Termin, um in die richtige Richtung zu weisen. Denken Sie daran, dass dies nur f\u00fcr B2B gilt.K\u00e6rby Nyborgvej 6515220 Odense S\u00d8Nido S\u00f8ndergade 675450 OtterupTanggaardvej Tanggaardvej [&hellip;]","og_url":"https:\/\/bygrowers.dk\/de\/contact\/","og_site_name":"Bygrowers\u00ae","article_modified_time":"2024-01-23T12:33:42+00:00","twitter_card":"summary_large_image","twitter_misc":{"Gesch\u00e4tzte Lesezeit":"4\u00a0Minuten"},"schema":{"@context":"https:\/\/schema.org","@graph":[{"@type":"WebPage","@id":"https:\/\/bygrowers.dk\/de\/contact\/","url":"https:\/\/bygrowers.dk\/de\/contact\/","name":"Kontakt - Bygrowers\u00ae","isPartOf":{"@id":"https:\/\/bygrowers.dk\/#website"},"datePublished":"2021-09-16T15:27:50+00:00","dateModified":"2024-01-23T12:33:42+00:00","inLanguage":"de","potentialAction":[{"@type":"ReadAction","target":["https:\/\/bygrowers.dk\/de\/contact\/"]}]},{"@type":"WebSite","@id":"https:\/\/bygrowers.dk\/#website","url":"https:\/\/bygrowers.dk\/","name":"Bygrowers\u00ae","description":"Plants with passion","potentialAction":[{"@type":"SearchAction","target":{"@type":"EntryPoint","urlTemplate":"https:\/\/bygrowers.dk\/?s={search_term_string}"},"query-input":{"@type":"PropertyValueSpecification","valueRequired":true,"valueName":"search_term_string"}}],"inLanguage":"de"}]}},"_links":{"self":[{"href":"https:\/\/bygrowers.dk\/de\/wp-json\/wp\/v2\/pages\/1418","targetHints":{"allow":["GET"]}}],"collection":[{"href":"https:\/\/bygrowers.dk\/de\/wp-json\/wp\/v2\/pages"}],"about":[{"href":"https:\/\/bygrowers.dk\/de\/wp-json\/wp\/v2\/types\/page"}],"author":[{"embeddable":true,"href":"https:\/\/bygrowers.dk\/de\/wp-json\/wp\/v2\/users\/2"}],"replies":[{"embeddable":true,"href":"https:\/\/bygrowers.dk\/de\/wp-json\/wp\/v2\/comments?post=1418"}],"version-history":[{"count":62,"href":"https:\/\/bygrowers.dk\/de\/wp-json\/wp\/v2\/pages\/1418\/revisions"}],"predecessor-version":[{"id":9633,"href":"https:\/\/bygrowers.dk\/de\/wp-json\/wp\/v2\/pages\/1418\/revisions\/9633"}],"wp:attachment":[{"href":"https:\/\/bygrowers.dk\/de\/wp-json\/wp\/v2\/media?parent=1418"}],"curies":[{"name":"wp","href":"https:\/\/api.w.org\/{rel}","templated":true}]}}