{"id":1367,"date":"2021-09-16T15:27:33","date_gmt":"2021-09-16T15:27:33","guid":{"rendered":"https:\/\/bygrowers.dk\/about\/"},"modified":"2023-10-20T10:40:17","modified_gmt":"2023-10-20T10:40:17","slug":"about","status":"publish","type":"page","link":"https:\/\/bygrowers.dk\/de\/about\/","title":{"rendered":"\u00dcber Uns"},"content":{"rendered":"<p>[et_pb_section fb_built=&#8220;1&#8243; custom_padding_last_edited=&#8220;on|tablet&#8220; admin_label=&#8220;Header&#8220; _builder_version=&#8220;4.16&#8243; background_image=&#8220;https:\/\/bygrowers.dk\/wp-content\/uploads\/2021\/09\/50280-background_10.png&#8220; parallax=&#8220;on&#8220; custom_margin=&#8220;||-215px||false|false&#8220; custom_padding=&#8220;0px||180px||false|false&#8220; custom_padding_tablet=&#8220;50px||50px||true|false&#8220; custom_padding_phone=&#8220;&#8220; locked=&#8220;off&#8220; global_colors_info=&#8220;{}&#8220;][et_pb_row _builder_version=&#8220;4.22.2&#8243; _module_preset=&#8220;default&#8220; global_colors_info=&#8220;{}&#8220;][et_pb_column type=&#8220;4_4&#8243; _builder_version=&#8220;4.22.2&#8243; _module_preset=&#8220;default&#8220; global_colors_info=&#8220;{}&#8220;][et_pb_text _builder_version=&#8220;4.22.2&#8243; _module_preset=&#8220;default&#8220; global_colors_info=&#8220;{}&#8220;][\/et_pb_text][\/et_pb_column][\/et_pb_row][et_pb_row _builder_version=&#8220;4.22.2&#8243; _module_preset=&#8220;default&#8220; min_height=&#8220;436.4px&#8220; custom_margin=&#8220;-21px|auto||auto||&#8220; global_colors_info=&#8220;{}&#8220;][et_pb_column type=&#8220;4_4&#8243; _builder_version=&#8220;4.22.2&#8243; _module_preset=&#8220;default&#8220; global_colors_info=&#8220;{}&#8220;][et_pb_text _builder_version=&#8220;4.22.2&#8243; _module_preset=&#8220;default&#8220; header_text_color=&#8220;#0D5257&#8243; min_height=&#8220;362.4px&#8220; hover_enabled=&#8220;0&#8243; global_colors_info=&#8220;{}&#8220; sticky_enabled=&#8220;0&#8243;]<\/p>\n<h1>\u00dcber bygrowers<\/h1>\n<p>bygrowers ist ein starker Akteur auf dem europ\u00e4ischen Markt und z\u00e4hlt nach der Fusion im Jahr 2014 zu den gr\u00f6\u00dften G\u00e4rtnereien D\u00e4nemarks. Wir arbeiten eng mit f\u00fchrenden Trendsettern f\u00fcr Mehrwertprodukte in Europa zusammen, um unseren Kunden ein breites und zeitgem\u00e4\u00dfes Produktsortiment anbieten zu k\u00f6nnen. Kontinuierliche Produktentwicklung ist f\u00fcr uns selbstverst\u00e4ndlich: Wir arbeiten st\u00e4ndig an Verbesserungen. Wir sind anspruchsvoll; nicht nur hinsichtlich unserer eigenen Mitarbeiter, sondern auch in Bezug auf unsere Lieferanten.<\/p>\n<p>bygrowers ist einer von D\u00e4nemarks f\u00fchrenden und gr\u00f6\u00dften Produzenten von beispielsweise Kalanchoe, Calandiva, Poinsettia und Osteospermum. Alle unsere Kulturen werden mit viel Leidenschaft \u00fcber das gesamte Kultivierungsverfahren hinweg in flexiblen Produktionsbereichen angebaut, vom Schnitt bis zum fertigen Produkt. Wir arbeiten eng mit verschiedenen f\u00fchrenden, erfolgreichen Z\u00fcchtern zusammen. Unsere gro\u00dfen Volumina und flexiblen Produktionsfl\u00e4chen erm\u00f6glichen es uns dar\u00fcber hinaus, auf jede individuelle Kundenanfrage einzugehen, z. B. hinsichtlich spezieller W\u00fcnsche zu Topfgr\u00f6\u00dfen, Mehrwert, Mischung oder anderem Erntegut.<\/p>\n<p>Kurz gesagt kultivieren wir nicht nur einige der besten und langlebigsten Pflanzen, die der Markt zu bieten hat und die in ganz Europa nachgefragt sind, sondern generieren zus\u00e4tzlich Wachstum. Was unsere Kunden an uns haben, ist ein starker Partner mit mehr als 140 engagierten Mitarbeitern, einer Gesamtgew\u00e4chshausfl\u00e4che von 215.000 m\u00b2 und einer Jahresproduktion von 30 Millionen Topfpflanzen; dar\u00fcber hinaus sind wir MPS-ABC, MPS-GAP, MPS-SQ und GLOBALG.A.P. GRASP zertifiziert.<\/p>\n<p>[\/et_pb_text][\/et_pb_column][\/et_pb_row][et_pb_row column_structure=&#8220;1_2,1_2&#8243; _builder_version=&#8220;4.22.1&#8243; _module_preset=&#8220;default&#8220; global_colors_info=&#8220;{}&#8220;][et_pb_column type=&#8220;1_2&#8243; _builder_version=&#8220;4.16&#8243; _module_preset=&#8220;default&#8220; transform_scale=&#8220;94%|94%&#8220; global_colors_info=&#8220;{}&#8220;][et_pb_gallery gallery_ids=&#8220;7620,7623,7626,7629&#8243; gallery_orderby=&#8220;rand&#8220; fullwidth=&#8220;on&#8220; _builder_version=&#8220;4.19.1&#8243; _module_preset=&#8220;default&#8220; width=&#8220;99.8%&#8220; global_colors_info=&#8220;{}&#8220;][\/et_pb_gallery][\/et_pb_column][et_pb_column type=&#8220;1_2&#8243; _builder_version=&#8220;4.22.1&#8243; _module_preset=&#8220;default&#8220; global_colors_info=&#8220;{}&#8220;][et_pb_text _builder_version=&#8220;4.22.2&#8243; _module_preset=&#8220;default&#8220; text_font_size=&#8220;18px&#8220; header_5_font_size=&#8220;26px&#8220; text_font_size_tablet=&#8220;18px&#8220; text_font_size_phone=&#8220;14px&#8220; text_font_size_last_edited=&#8220;on|phone&#8220; header_5_font_size_tablet=&#8220;26px&#8220; header_5_font_size_phone=&#8220;16px&#8220; header_5_font_size_last_edited=&#8220;on|desktop&#8220; global_colors_info=&#8220;{}&#8220;]<\/p>\n<h5><strong>Verpackung<\/strong><\/h5>\n<p>bygrowers produziert nicht weniger als 26 verschiedene Kulturen in verschiedenen f\u00fcr die jeweilige Kultur verf\u00fcgbaren Topfgr\u00f6\u00dfen. Dies entspricht unserem Serviceverst\u00e4ndnis, um den Bed\u00fcrfnissen unserer Kunden gerecht werden und ein breites und vielf\u00e4ltiges Sortiment aufrechterhalten zu k\u00f6nnen. Aber bygrowers liefert nicht \u201enur\u201c Pflanzen. Wir liefern ma\u00dfgeschneiderte L\u00f6sungen, die s\u00e4mtlichen Segmenten einen Mehrwert bieten:<\/p>\n<ul>\n<li>Mehrwert<\/li>\n<li>Verkaufsfertige Containerl\u00f6sungen (CC, \u00bd-CC und Euro-CC)<\/li>\n<li>Eigenmarke<\/li>\n<li>Etikettenl\u00f6sungen<\/li>\n<li>Gemischte Kisten mit verschiedenen Kulturen<\/li>\n<\/ul>\n<h5 style=\"text-align: left;\"><strong>Eigenmarke<\/strong><\/h5>\n<p style=\"text-align: left;\">bygrowers ist ein kunden- und vertriebsorientiertes Unternehmen, das sich eine enge und konstruktive Zusammenarbeit mit Kunden und Partnern w\u00fcnscht. Deshalb bieten wir an, Pflanzen mit Kundenverpackung und -marke zu liefern.<\/p>\n<p>[\/et_pb_text][et_pb_button button_url=&#8220;@ET-DC@eyJkeW5hbWljIjp0cnVlLCJjb250ZW50IjoicG9zdF9saW5rX3VybF9wYWdlIiwic2V0dGluZ3MiOnsicG9zdF9pZCI6IjEzNzEifX0=@&#8220; button_text=&#8220;KONTAKTIERE UNS&#8220; button_alignment=&#8220;center&#8220; _builder_version=&#8220;4.22.2&#8243; _dynamic_attributes=&#8220;button_url&#8220; _module_preset=&#8220;default&#8220; custom_button=&#8220;on&#8220; button_text_size=&#8220;18px&#8220; button_text_size_tablet=&#8220;18px&#8220; button_text_size_phone=&#8220;14px&#8220; button_text_size_last_edited=&#8220;on|phone&#8220; global_colors_info=&#8220;{}&#8220;][\/et_pb_button][et_pb_text _builder_version=&#8220;4.22.2&#8243; _module_preset=&#8220;default&#8220; global_colors_info=&#8220;{}&#8220;][\/et_pb_text][\/et_pb_column][\/et_pb_row][et_pb_row admin_label=&#8220;Service Title&#8220; _builder_version=&#8220;4.16&#8243; min_height=&#8220;981px&#8220; link_option_url=&#8220;https:\/\/www.youtube.com\/watch?v=NEa91b_ccPk&#8220; locked=&#8220;off&#8220; global_colors_info=&#8220;{}&#8220;][et_pb_column type=&#8220;4_4&#8243; _builder_version=&#8220;4.16&#8243; z_index=&#8220;11&#8243; link_option_url=&#8220;https:\/\/www.youtube.com\/watch?v=NEa91b_ccPk&#8220; global_colors_info=&#8220;{}&#8220;][et_pb_video src=&#8220;https:\/\/bygrowers.dk\/wp-content\/uploads\/2021\/11\/by-growers-SoMe-5.-udkast.mp4&#8243; _builder_version=&#8220;4.16&#8243; _module_preset=&#8220;default&#8220; global_colors_info=&#8220;{}&#8220;][\/et_pb_video][\/et_pb_column][\/et_pb_row][\/et_pb_section][et_pb_section fb_built=&#8220;1&#8243; _builder_version=&#8220;4.22.2&#8243; _module_preset=&#8220;default&#8220; global_colors_info=&#8220;{}&#8220;][et_pb_row _builder_version=&#8220;4.22.2&#8243; _module_preset=&#8220;default&#8220; global_colors_info=&#8220;{}&#8220;][et_pb_column type=&#8220;4_4&#8243; _builder_version=&#8220;4.22.2&#8243; _module_preset=&#8220;default&#8220; global_colors_info=&#8220;{}&#8220;][et_pb_text _builder_version=&#8220;4.22.2&#8243; _module_preset=&#8220;default&#8220; global_colors_info=&#8220;{}&#8220;][\/et_pb_text][\/et_pb_column][\/et_pb_row][\/et_pb_section][et_pb_section fb_built=&#8220;1&#8243; _builder_version=&#8220;4.22.2&#8243; _module_preset=&#8220;default&#8220; global_colors_info=&#8220;{}&#8220;][et_pb_row _builder_version=&#8220;4.22.2&#8243; _module_preset=&#8220;default&#8220; global_colors_info=&#8220;{}&#8220;][et_pb_column type=&#8220;4_4&#8243; _builder_version=&#8220;4.22.2&#8243; _module_preset=&#8220;default&#8220; global_colors_info=&#8220;{}&#8220;][et_pb_text _builder_version=&#8220;4.22.2&#8243; _module_preset=&#8220;default&#8220; global_colors_info=&#8220;{}&#8220;][\/et_pb_text][\/et_pb_column][\/et_pb_row][\/et_pb_section]<\/p>\n","protected":false},"excerpt":{"rendered":"<p>\u00dcber bygrowers bygrowers ist ein starker Akteur auf dem europ\u00e4ischen Markt und z\u00e4hlt nach der Fusion im Jahr 2014 zu den gr\u00f6\u00dften G\u00e4rtnereien D\u00e4nemarks. Wir arbeiten eng mit f\u00fchrenden Trendsettern f\u00fcr Mehrwertprodukte in Europa zusammen, um unseren Kunden ein breites und zeitgem\u00e4\u00dfes Produktsortiment anbieten zu k\u00f6nnen. Kontinuierliche Produktentwicklung ist f\u00fcr uns selbstverst\u00e4ndlich: Wir arbeiten st\u00e4ndig [&hellip;]<\/p>\n","protected":false},"author":2,"featured_media":0,"parent":0,"menu_order":0,"comment_status":"closed","ping_status":"closed","template":"","meta":{"_acf_changed":false,"_et_pb_use_builder":"on","_et_pb_old_content":"<!-- wp:divi\/placeholder \/-->","_et_gb_content_width":"","iawp_total_views":31,"footnotes":""},"class_list":["post-1367","page","type-page","status-publish","hentry"],"acf":[],"yoast_head":"<!-- This site is optimized with the Yoast SEO plugin v25.8 - https:\/\/yoast.com\/wordpress\/plugins\/seo\/ -->\n<title>\u00dcber Uns - Bygrowers\u00ae<\/title>\n<meta name=\"robots\" content=\"index, follow, max-snippet:-1, max-image-preview:large, max-video-preview:-1\" \/>\n<link rel=\"canonical\" href=\"https:\/\/bygrowers.dk\/de\/about\/\" \/>\n<meta property=\"og:locale\" content=\"de_DE\" \/>\n<meta property=\"og:type\" content=\"article\" \/>\n<meta property=\"og:title\" content=\"\u00dcber Uns - Bygrowers\u00ae\" \/>\n<meta property=\"og:description\" content=\"\u00dcber bygrowers bygrowers ist ein starker Akteur auf dem europ\u00e4ischen Markt und z\u00e4hlt nach der Fusion im Jahr 2014 zu den gr\u00f6\u00dften G\u00e4rtnereien D\u00e4nemarks. Wir arbeiten eng mit f\u00fchrenden Trendsettern f\u00fcr Mehrwertprodukte in Europa zusammen, um unseren Kunden ein breites und zeitgem\u00e4\u00dfes Produktsortiment anbieten zu k\u00f6nnen. Kontinuierliche Produktentwicklung ist f\u00fcr uns selbstverst\u00e4ndlich: Wir arbeiten st\u00e4ndig [&hellip;]\" \/>\n<meta property=\"og:url\" content=\"https:\/\/bygrowers.dk\/de\/about\/\" \/>\n<meta property=\"og:site_name\" content=\"Bygrowers\u00ae\" \/>\n<meta property=\"article:modified_time\" content=\"2023-10-20T10:40:17+00:00\" \/>\n<meta name=\"twitter:card\" content=\"summary_large_image\" \/>\n<meta name=\"twitter:label1\" content=\"Gesch\u00e4tzte Lesezeit\" \/>\n\t<meta name=\"twitter:data1\" content=\"3\u00a0Minuten\" \/>\n<script type=\"application\/ld+json\" class=\"yoast-schema-graph\">{\"@context\":\"https:\/\/schema.org\",\"@graph\":[{\"@type\":\"WebPage\",\"@id\":\"https:\/\/bygrowers.dk\/de\/about\/\",\"url\":\"https:\/\/bygrowers.dk\/de\/about\/\",\"name\":\"\u00dcber Uns - Bygrowers\u00ae\",\"isPartOf\":{\"@id\":\"https:\/\/bygrowers.dk\/#website\"},\"datePublished\":\"2021-09-16T15:27:33+00:00\",\"dateModified\":\"2023-10-20T10:40:17+00:00\",\"inLanguage\":\"de\",\"potentialAction\":[{\"@type\":\"ReadAction\",\"target\":[\"https:\/\/bygrowers.dk\/de\/about\/\"]}]},{\"@type\":\"WebSite\",\"@id\":\"https:\/\/bygrowers.dk\/#website\",\"url\":\"https:\/\/bygrowers.dk\/\",\"name\":\"Bygrowers\u00ae\",\"description\":\"Plants with passion\",\"potentialAction\":[{\"@type\":\"SearchAction\",\"target\":{\"@type\":\"EntryPoint\",\"urlTemplate\":\"https:\/\/bygrowers.dk\/?s={search_term_string}\"},\"query-input\":{\"@type\":\"PropertyValueSpecification\",\"valueRequired\":true,\"valueName\":\"search_term_string\"}}],\"inLanguage\":\"de\"}]}<\/script>\n<!-- \/ Yoast SEO plugin. -->","yoast_head_json":{"title":"\u00dcber Uns - Bygrowers\u00ae","robots":{"index":"index","follow":"follow","max-snippet":"max-snippet:-1","max-image-preview":"max-image-preview:large","max-video-preview":"max-video-preview:-1"},"canonical":"https:\/\/bygrowers.dk\/de\/about\/","og_locale":"de_DE","og_type":"article","og_title":"\u00dcber Uns - Bygrowers\u00ae","og_description":"\u00dcber bygrowers bygrowers ist ein starker Akteur auf dem europ\u00e4ischen Markt und z\u00e4hlt nach der Fusion im Jahr 2014 zu den gr\u00f6\u00dften G\u00e4rtnereien D\u00e4nemarks. Wir arbeiten eng mit f\u00fchrenden Trendsettern f\u00fcr Mehrwertprodukte in Europa zusammen, um unseren Kunden ein breites und zeitgem\u00e4\u00dfes Produktsortiment anbieten zu k\u00f6nnen. Kontinuierliche Produktentwicklung ist f\u00fcr uns selbstverst\u00e4ndlich: Wir arbeiten st\u00e4ndig [&hellip;]","og_url":"https:\/\/bygrowers.dk\/de\/about\/","og_site_name":"Bygrowers\u00ae","article_modified_time":"2023-10-20T10:40:17+00:00","twitter_card":"summary_large_image","twitter_misc":{"Gesch\u00e4tzte Lesezeit":"3\u00a0Minuten"},"schema":{"@context":"https:\/\/schema.org","@graph":[{"@type":"WebPage","@id":"https:\/\/bygrowers.dk\/de\/about\/","url":"https:\/\/bygrowers.dk\/de\/about\/","name":"\u00dcber Uns - Bygrowers\u00ae","isPartOf":{"@id":"https:\/\/bygrowers.dk\/#website"},"datePublished":"2021-09-16T15:27:33+00:00","dateModified":"2023-10-20T10:40:17+00:00","inLanguage":"de","potentialAction":[{"@type":"ReadAction","target":["https:\/\/bygrowers.dk\/de\/about\/"]}]},{"@type":"WebSite","@id":"https:\/\/bygrowers.dk\/#website","url":"https:\/\/bygrowers.dk\/","name":"Bygrowers\u00ae","description":"Plants with passion","potentialAction":[{"@type":"SearchAction","target":{"@type":"EntryPoint","urlTemplate":"https:\/\/bygrowers.dk\/?s={search_term_string}"},"query-input":{"@type":"PropertyValueSpecification","valueRequired":true,"valueName":"search_term_string"}}],"inLanguage":"de"}]}},"_links":{"self":[{"href":"https:\/\/bygrowers.dk\/de\/wp-json\/wp\/v2\/pages\/1367","targetHints":{"allow":["GET"]}}],"collection":[{"href":"https:\/\/bygrowers.dk\/de\/wp-json\/wp\/v2\/pages"}],"about":[{"href":"https:\/\/bygrowers.dk\/de\/wp-json\/wp\/v2\/types\/page"}],"author":[{"embeddable":true,"href":"https:\/\/bygrowers.dk\/de\/wp-json\/wp\/v2\/users\/2"}],"replies":[{"embeddable":true,"href":"https:\/\/bygrowers.dk\/de\/wp-json\/wp\/v2\/comments?post=1367"}],"version-history":[{"count":94,"href":"https:\/\/bygrowers.dk\/de\/wp-json\/wp\/v2\/pages\/1367\/revisions"}],"predecessor-version":[{"id":9210,"href":"https:\/\/bygrowers.dk\/de\/wp-json\/wp\/v2\/pages\/1367\/revisions\/9210"}],"wp:attachment":[{"href":"https:\/\/bygrowers.dk\/de\/wp-json\/wp\/v2\/media?parent=1367"}],"curies":[{"name":"wp","href":"https:\/\/api.w.org\/{rel}","templated":true}]}}